{"id":272,"date":"2024-06-25T16:15:08","date_gmt":"2024-06-25T14:15:08","guid":{"rendered":"https:\/\/hv-bosse.de\/?page_id=272"},"modified":"2024-06-26T16:42:59","modified_gmt":"2024-06-26T14:42:59","slug":"app","status":"publish","type":"page","link":"https:\/\/hv-bosse.de\/en\/app\/","title":{"rendered":"App"},"content":{"rendered":"<style>.elementor-272 .elementor-element.elementor-element-20815ea:not(.elementor-motion-effects-element-type-background), .elementor-272 .elementor-element.elementor-element-20815ea > .elementor-motion-effects-container > .elementor-motion-effects-layer{background-image:url(\"https:\/\/hv-bosse.de\/wp-content\/uploads\/2023\/03\/luxury-minimalist-villa.jpg\");background-position:bottom center;background-size:cover;}.elementor-272 .elementor-element.elementor-element-20815ea > .elementor-background-overlay{background-color:#000000;opacity:0.5;transition:background 0.3s, border-radius 0.3s, opacity 0.3s;}.elementor-272 .elementor-element.elementor-element-20815ea{border-style:solid;border-width:100px 40px 20px 40px;border-color:#FFFFFF;transition:background 0.3s, border 0.3s, border-radius 0.3s, box-shadow 0.3s;}.elementor-272 .elementor-element.elementor-element-32d0bde > .elementor-element-populated{padding:150px 0px 150px 0px;}.elementor-272 .elementor-element.elementor-element-4a9872b{text-align:center;}.elementor-272 .elementor-element.elementor-element-4a9872b .elementor-heading-title{font-family:var( --e-global-typography-c57884e-font-family ), Sans-serif;font-size:var( --e-global-typography-c57884e-font-size );font-weight:var( --e-global-typography-c57884e-font-weight );line-height:var( --e-global-typography-c57884e-line-height );letter-spacing:var( --e-global-typography-c57884e-letter-spacing );word-spacing:var( --e-global-typography-c57884e-word-spacing );color:#FFFFFF;}.elementor-272 .elementor-element.elementor-element-4a9872b > .elementor-widget-container{margin:0px 40px 0px 0px;}.elementor-272 .elementor-element.elementor-element-418b502 > .elementor-container{max-width:1170px;}.elementor-272 .elementor-element.elementor-element-418b502{padding:0px 0px 80px 0px;}.elementor-bc-flex-widget .elementor-272 .elementor-element.elementor-element-1db3484.elementor-column .elementor-widget-wrap{align-items:center;}.elementor-272 .elementor-element.elementor-element-1db3484.elementor-column.elementor-element[data-element_type=\"column\"] > .elementor-widget-wrap.elementor-element-populated{align-content:center;align-items:center;}.elementor-272 .elementor-element.elementor-element-1db3484 > .elementor-element-populated{margin:0px 0px 0px 20px;--e-column-margin-right:0px;--e-column-margin-left:20px;}.elementor-272 .elementor-element.elementor-element-fdd8fd4 > .elementor-widget-container{margin:10px 0px 0px 0px;}.elementor-272 .elementor-element.elementor-element-fdd8fd4{width:100%;max-width:100%;}.elementor-272 .elementor-element.elementor-element-69d265d{text-align:start;}.elementor-272 .elementor-element.elementor-element-69d265d img{width:187px;}.elementor-272 .elementor-element.elementor-element-856b1a9{margin-top:27px;margin-bottom:0px;}.elementor-272 .elementor-element.elementor-element-6e4e3a1 .elementor-icon-list-items:not(.elementor-inline-items) .elementor-icon-list-item:not(:last-child){padding-block-end:calc(5px\/2);}.elementor-272 .elementor-element.elementor-element-6e4e3a1 .elementor-icon-list-items:not(.elementor-inline-items) .elementor-icon-list-item:not(:first-child){margin-block-start:calc(5px\/2);}.elementor-272 .elementor-element.elementor-element-6e4e3a1 .elementor-icon-list-items.elementor-inline-items .elementor-icon-list-item{margin-inline:calc(5px\/2);}.elementor-272 .elementor-element.elementor-element-6e4e3a1 .elementor-icon-list-items.elementor-inline-items{margin-inline:calc(-5px\/2);}.elementor-272 .elementor-element.elementor-element-6e4e3a1 .elementor-icon-list-items.elementor-inline-items .elementor-icon-list-item:after{inset-inline-end:calc(-5px\/2);}.elementor-272 .elementor-element.elementor-element-6e4e3a1 .elementor-icon-list-icon i{color:var( --e-global-color-accent );transition:color 0.3s;}.elementor-272 .elementor-element.elementor-element-6e4e3a1 .elementor-icon-list-icon svg{fill:var( --e-global-color-accent );transition:fill 0.3s;}.elementor-272 .elementor-element.elementor-element-6e4e3a1{--e-icon-list-icon-size:14px;--icon-vertical-offset:0px;}.elementor-272 .elementor-element.elementor-element-6e4e3a1 .elementor-icon-list-text{transition:color 0.3s;}.elementor-272 .elementor-element.elementor-element-8e43fe4 > .elementor-widget-container{margin:10px 0px 0px 0px;}.elementor-272 .elementor-element.elementor-element-8e43fe4{width:100%;max-width:100%;}.elementor-272 .elementor-element.elementor-element-d065278 .elementor-button{font-family:var( --e-global-typography-7669ebb-font-family ), Sans-serif;font-size:var( --e-global-typography-7669ebb-font-size );font-weight:var( --e-global-typography-7669ebb-font-weight );text-transform:var( --e-global-typography-7669ebb-text-transform );line-height:var( --e-global-typography-7669ebb-line-height );letter-spacing:var( --e-global-typography-7669ebb-letter-spacing );word-spacing:var( --e-global-typography-7669ebb-word-spacing );fill:#FFFFFF;color:#FFFFFF;background-color:#396DE7;border-radius:0px 0px 0px 0px;padding:20px 38px 20px 38px;}.elementor-272 .elementor-element.elementor-element-d065278 .elementor-button:hover, .elementor-272 .elementor-element.elementor-element-d065278 .elementor-button:focus{color:#FFFFFF;background-color:var( --e-global-color-dc6a743 );border-color:#6EC1E4;}.elementor-272 .elementor-element.elementor-element-d065278 .elementor-button:hover svg, .elementor-272 .elementor-element.elementor-element-d065278 .elementor-button:focus svg{fill:#FFFFFF;}.elementor-272 .elementor-element.elementor-element-d065278 > .elementor-widget-container{margin:0px 19px 0px 0px;}.elementor-272 .elementor-element.elementor-element-d065278{width:auto;max-width:auto;}.elementor-272 .elementor-element.elementor-element-0e78f45 .elementor-button{font-family:var( --e-global-typography-7669ebb-font-family ), Sans-serif;font-size:var( --e-global-typography-7669ebb-font-size );font-weight:var( --e-global-typography-7669ebb-font-weight );text-transform:var( --e-global-typography-7669ebb-text-transform );line-height:var( --e-global-typography-7669ebb-line-height );letter-spacing:var( --e-global-typography-7669ebb-letter-spacing );word-spacing:var( --e-global-typography-7669ebb-word-spacing );fill:#FFFFFF;color:#FFFFFF;background-color:#396DE7;border-radius:0px 0px 0px 0px;padding:20px 38px 20px 38px;}.elementor-272 .elementor-element.elementor-element-0e78f45 .elementor-button:hover, .elementor-272 .elementor-element.elementor-element-0e78f45 .elementor-button:focus{color:#FFFFFF;background-color:var( --e-global-color-dc6a743 );border-color:#6EC1E4;}.elementor-272 .elementor-element.elementor-element-0e78f45 .elementor-button:hover svg, .elementor-272 .elementor-element.elementor-element-0e78f45 .elementor-button:focus svg{fill:#FFFFFF;}.elementor-272 .elementor-element.elementor-element-0e78f45 > .elementor-widget-container{margin:0px 0px 0px 0px;}.elementor-272 .elementor-element.elementor-element-0e78f45{width:auto;max-width:auto;}.elementor-272 .elementor-element.elementor-element-44ce8df{--spacer-size:19px;}:root{--page-title-display:none;}@media(min-width:768px){.elementor-272 .elementor-element.elementor-element-b7df7ad{width:40.706%;}.elementor-272 .elementor-element.elementor-element-16a7974{width:59.294%;}.elementor-272 .elementor-element.elementor-element-aa2274f{width:49.822%;}.elementor-272 .elementor-element.elementor-element-025af10{width:50.178%;}}@media(max-width:1024px){.elementor-272 .elementor-element.elementor-element-20815ea{border-width:200px 20px 0px 20px;}.elementor-272 .elementor-element.elementor-element-4a9872b .elementor-heading-title{font-size:var( --e-global-typography-c57884e-font-size );line-height:var( --e-global-typography-c57884e-line-height );letter-spacing:var( --e-global-typography-c57884e-letter-spacing );word-spacing:var( --e-global-typography-c57884e-word-spacing );}.elementor-272 .elementor-element.elementor-element-418b502{padding:60px 10px 80px 10px;}.elementor-272 .elementor-element.elementor-element-1db3484 > .elementor-element-populated{margin:50px 0px 0px 0px;--e-column-margin-right:0px;--e-column-margin-left:0px;}.elementor-272 .elementor-element.elementor-element-d065278 .elementor-button{font-size:var( --e-global-typography-7669ebb-font-size );line-height:var( --e-global-typography-7669ebb-line-height );letter-spacing:var( --e-global-typography-7669ebb-letter-spacing );word-spacing:var( --e-global-typography-7669ebb-word-spacing );}.elementor-272 .elementor-element.elementor-element-0e78f45 .elementor-button{font-size:var( --e-global-typography-7669ebb-font-size );line-height:var( --e-global-typography-7669ebb-line-height );letter-spacing:var( --e-global-typography-7669ebb-letter-spacing );word-spacing:var( --e-global-typography-7669ebb-word-spacing );}}@media(max-width:767px){.elementor-272 .elementor-element.elementor-element-20815ea{border-width:90px 20px 0px 20px;}.elementor-272 .elementor-element.elementor-element-4a9872b .elementor-heading-title{font-size:var( --e-global-typography-c57884e-font-size );line-height:var( --e-global-typography-c57884e-line-height );letter-spacing:var( --e-global-typography-c57884e-letter-spacing );word-spacing:var( --e-global-typography-c57884e-word-spacing );}.elementor-272 .elementor-element.elementor-element-4a9872b > .elementor-widget-container{margin:0px 0px 0px 0px;}.elementor-272 .elementor-element.elementor-element-d065278 .elementor-button{font-size:var( --e-global-typography-7669ebb-font-size );line-height:var( --e-global-typography-7669ebb-line-height );letter-spacing:var( --e-global-typography-7669ebb-letter-spacing );word-spacing:var( --e-global-typography-7669ebb-word-spacing );}.elementor-272 .elementor-element.elementor-element-0e78f45 .elementor-button{font-size:var( --e-global-typography-7669ebb-font-size );line-height:var( --e-global-typography-7669ebb-line-height );letter-spacing:var( --e-global-typography-7669ebb-letter-spacing );word-spacing:var( --e-global-typography-7669ebb-word-spacing );}}@media(max-width:1024px) and (min-width:768px){.elementor-272 .elementor-element.elementor-element-1db3484{width:100%;}}\/* Start custom CSS for icon-list, class: .elementor-element-6e4e3a1 *\/.elementor-widget .elementor-icon-list-item,\r\n.elementor-widget .elementor-icon-list-item a {\r\n    align-items: start !important;\r\n}\r\n\r\n.elementor-icon-list-icon\r\n{padding: 7px 0px 0 0 !important;\r\n}\/* End custom CSS *\/<\/style>\t\t<div data-elementor-type=\"wp-page\" data-elementor-id=\"272\" class=\"elementor elementor-272\" data-elementor-post-type=\"page\">\n\t\t\t\t\t\t<section class=\"elementor-section elementor-top-section elementor-element elementor-element-20815ea elementor-section-full_width elementor-section-height-default elementor-section-height-default\" data-id=\"20815ea\" data-element_type=\"section\" data-e-type=\"section\" data-settings=\"{&quot;background_background&quot;:&quot;classic&quot;}\">\n\t\t\t\t\t\t\t<div class=\"elementor-background-overlay\"><\/div>\n\t\t\t\t\t\t\t<div class=\"elementor-container elementor-column-gap-default\">\n\t\t\t\t\t<div class=\"elementor-column elementor-col-100 elementor-top-column elementor-element elementor-element-32d0bde\" data-id=\"32d0bde\" data-element_type=\"column\" data-e-type=\"column\">\n\t\t\t<div class=\"elementor-widget-wrap elementor-element-populated\">\n\t\t\t\t\t\t<div class=\"elementor-element elementor-element-4a9872b animated-slow elementor-invisible elementor-widget elementor-widget-heading\" data-id=\"4a9872b\" data-element_type=\"widget\" data-e-type=\"widget\" data-settings=\"{&quot;_animation&quot;:&quot;fadeInRight&quot;}\" data-widget_type=\"heading.default\">\n\t\t\t\t<div class=\"elementor-widget-container\">\n\t\t\t\t\t<h1 class=\"elementor-heading-title elementor-size-default\">Unsere APP<\/h1>\t\t\t\t<\/div>\n\t\t\t\t<\/div>\n\t\t\t\t\t<\/div>\n\t\t<\/div>\n\t\t\t\t\t<\/div>\n\t\t<\/section>\n\t\t\t\t<section class=\"elementor-section elementor-top-section elementor-element elementor-element-418b502 elementor-section-boxed elementor-section-height-default elementor-section-height-default\" data-id=\"418b502\" data-element_type=\"section\" data-e-type=\"section\">\n\t\t\t\t\t\t<div class=\"elementor-container elementor-column-gap-default\">\n\t\t\t\t\t<div class=\"elementor-column elementor-col-100 elementor-top-column elementor-element elementor-element-1db3484\" data-id=\"1db3484\" data-element_type=\"column\" data-e-type=\"column\">\n\t\t\t<div class=\"elementor-widget-wrap elementor-element-populated\">\n\t\t\t\t\t\t<div class=\"elementor-element elementor-element-288087c elementor-widget elementor-widget-heading\" data-id=\"288087c\" data-element_type=\"widget\" data-e-type=\"widget\" data-widget_type=\"heading.default\">\n\t\t\t\t<div class=\"elementor-widget-container\">\n\t\t\t\t\t<h2 class=\"elementor-heading-title elementor-size-default\">Unsere APP<\/h2>\t\t\t\t<\/div>\n\t\t\t\t<\/div>\n\t\t\t\t<section class=\"elementor-section elementor-inner-section elementor-element elementor-element-a71d2a7 elementor-section-boxed elementor-section-height-default elementor-section-height-default\" data-id=\"a71d2a7\" data-element_type=\"section\" data-e-type=\"section\">\n\t\t\t\t\t\t<div class=\"elementor-container elementor-column-gap-default\">\n\t\t\t\t\t<div class=\"elementor-column elementor-col-50 elementor-inner-column elementor-element elementor-element-b7df7ad\" data-id=\"b7df7ad\" data-element_type=\"column\" data-e-type=\"column\">\n\t\t\t<div class=\"elementor-widget-wrap elementor-element-populated\">\n\t\t\t\t\t\t<div class=\"elementor-element elementor-element-fdd8fd4 elementor-widget__width-inherit elementor-widget elementor-widget-text-editor\" data-id=\"fdd8fd4\" data-element_type=\"widget\" data-e-type=\"widget\" data-widget_type=\"text-editor.default\">\n\t\t\t\t<div class=\"elementor-widget-container\">\n\t\t\t\t\t\t\t\t\tBei Hausverwaltung Bosse legen wir gro\u00dfen Wert darauf, unseren Eigent\u00fcmern einen verl\u00e4sslichen und klaren Kundenservice zu bieten. Deshalb haben wir die Hausverwaltung Bosse App in Zusammenarbeit mit iDWELL entwickelt, die als digitale Plattform f\u00fcr all Ihre Fragen und Anliegen dient. Mit der iDWELL App k\u00f6nnen Sie jederzeit und bequem Schadensmeldungen und Anfragen an uns \u00fcbermitteln. Zudem haben Sie die M\u00f6glichkeit, Ihre Dokumente digital einzusehen. Wir informieren Sie \u00fcber wichtige Themen zu Ihrer Immobilie mittels Push-Benachrichtigungen direkt auf Ihr Mobilger\u00e4t. Wir sorgen daf\u00fcr, dass Sie stets informiert sind und Ihre Anliegen effizient und transparent bearbeitet werden.\t\t\t\t\t\t\t\t<\/div>\n\t\t\t\t<\/div>\n\t\t\t\t<div class=\"elementor-element elementor-element-69d265d elementor-widget elementor-widget-image\" data-id=\"69d265d\" data-element_type=\"widget\" data-e-type=\"widget\" data-widget_type=\"image.default\">\n\t\t\t\t<div class=\"elementor-widget-container\">\n\t\t\t\t\t\t\t\t\t\t\t\t\t\t\t<img fetchpriority=\"high\" decoding=\"async\" width=\"500\" height=\"134\" src=\"https:\/\/hv-bosse.de\/wp-content\/uploads\/2024\/06\/idwell.png\" class=\"attachment-large size-large wp-image-276\" alt=\"\" srcset=\"https:\/\/hv-bosse.de\/wp-content\/uploads\/2024\/06\/idwell.png 500w, https:\/\/hv-bosse.de\/wp-content\/uploads\/2024\/06\/idwell-300x80.png 300w, https:\/\/hv-bosse.de\/wp-content\/uploads\/2024\/06\/idwell-18x5.png 18w\" sizes=\"(max-width: 500px) 100vw, 500px\" \/>\t\t\t\t\t\t\t\t\t\t\t\t\t\t\t<\/div>\n\t\t\t\t<\/div>\n\t\t\t\t\t<\/div>\n\t\t<\/div>\n\t\t\t\t<div class=\"elementor-column elementor-col-50 elementor-inner-column elementor-element elementor-element-16a7974\" data-id=\"16a7974\" data-element_type=\"column\" data-e-type=\"column\">\n\t\t\t<div class=\"elementor-widget-wrap elementor-element-populated\">\n\t\t\t\t\t\t<div class=\"elementor-element elementor-element-1c933e7 elementor-widget elementor-widget-image\" data-id=\"1c933e7\" data-element_type=\"widget\" data-e-type=\"widget\" data-widget_type=\"image.default\">\n\t\t\t\t<div class=\"elementor-widget-container\">\n\t\t\t\t\t\t\t\t\t\t\t\t\t\t\t<img decoding=\"async\" width=\"800\" height=\"519\" src=\"https:\/\/hv-bosse.de\/wp-content\/uploads\/2024\/06\/Screenshot-2024-06-26-164137-1024x664.png\" class=\"attachment-large size-large wp-image-281\" alt=\"\" srcset=\"https:\/\/hv-bosse.de\/wp-content\/uploads\/2024\/06\/Screenshot-2024-06-26-164137-1024x664.png 1024w, https:\/\/hv-bosse.de\/wp-content\/uploads\/2024\/06\/Screenshot-2024-06-26-164137-300x194.png 300w, https:\/\/hv-bosse.de\/wp-content\/uploads\/2024\/06\/Screenshot-2024-06-26-164137-768x498.png 768w, https:\/\/hv-bosse.de\/wp-content\/uploads\/2024\/06\/Screenshot-2024-06-26-164137-18x12.png 18w, https:\/\/hv-bosse.de\/wp-content\/uploads\/2024\/06\/Screenshot-2024-06-26-164137.png 1105w\" sizes=\"(max-width: 800px) 100vw, 800px\" \/>\t\t\t\t\t\t\t\t\t\t\t\t\t\t\t<\/div>\n\t\t\t\t<\/div>\n\t\t\t\t\t<\/div>\n\t\t<\/div>\n\t\t\t\t\t<\/div>\n\t\t<\/section>\n\t\t\t\t<section class=\"elementor-section elementor-inner-section elementor-element elementor-element-856b1a9 elementor-section-boxed elementor-section-height-default elementor-section-height-default\" data-id=\"856b1a9\" data-element_type=\"section\" data-e-type=\"section\">\n\t\t\t\t\t\t<div class=\"elementor-container elementor-column-gap-default\">\n\t\t\t\t\t<div class=\"elementor-column elementor-col-50 elementor-inner-column elementor-element elementor-element-aa2274f\" data-id=\"aa2274f\" data-element_type=\"column\" data-e-type=\"column\">\n\t\t\t<div class=\"elementor-widget-wrap elementor-element-populated\">\n\t\t\t\t\t\t<div class=\"elementor-element elementor-element-3530a07 elementor-widget elementor-widget-heading\" data-id=\"3530a07\" data-element_type=\"widget\" data-e-type=\"widget\" data-widget_type=\"heading.default\">\n\t\t\t\t<div class=\"elementor-widget-container\">\n\t\t\t\t\t<h3 class=\"elementor-heading-title elementor-size-default\">Ihre Vorteile<\/h3>\t\t\t\t<\/div>\n\t\t\t\t<\/div>\n\t\t\t\t<div class=\"elementor-element elementor-element-6e4e3a1 elementor-icon-list--layout-traditional elementor-list-item-link-full_width elementor-widget elementor-widget-icon-list\" data-id=\"6e4e3a1\" data-element_type=\"widget\" data-e-type=\"widget\" data-widget_type=\"icon-list.default\">\n\t\t\t\t<div class=\"elementor-widget-container\">\n\t\t\t\t\t\t\t<ul class=\"elementor-icon-list-items\">\n\t\t\t\t\t\t\t<li class=\"elementor-icon-list-item\">\n\t\t\t\t\t\t\t\t\t\t\t<span class=\"elementor-icon-list-icon\">\n\t\t\t\t\t\t\t<i aria-hidden=\"true\" class=\"fas fa-check\"><\/i>\t\t\t\t\t\t<\/span>\n\t\t\t\t\t\t\t\t\t\t<span class=\"elementor-icon-list-text\">Jederzeit verf\u00fcgbar: Melden Sie Sch\u00e4den und andere Anliegen bequem online \u00fcber Ihr Smartphone oder Ihren Computer, rund um die Uhr.<\/span>\n\t\t\t\t\t\t\t\t\t<\/li>\n\t\t\t\t\t\t\t\t<li class=\"elementor-icon-list-item\">\n\t\t\t\t\t\t\t\t\t\t\t<span class=\"elementor-icon-list-icon\">\n\t\t\t\t\t\t\t<i aria-hidden=\"true\" class=\"fas fa-check\"><\/i>\t\t\t\t\t\t<\/span>\n\t\t\t\t\t\t\t\t\t\t<span class=\"elementor-icon-list-text\">Aktuell informiert: Erhalten Sie wichtige Informationen zu Ihrer Liegenschaft \u00fcber unser digitales schwarze Brett.<\/span>\n\t\t\t\t\t\t\t\t\t<\/li>\n\t\t\t\t\t\t\t\t<li class=\"elementor-icon-list-item\">\n\t\t\t\t\t\t\t\t\t\t\t<span class=\"elementor-icon-list-icon\">\n\t\t\t\t\t\t\t<i aria-hidden=\"true\" class=\"fas fa-check\"><\/i>\t\t\t\t\t\t<\/span>\n\t\t\t\t\t\t\t\t\t\t<span class=\"elementor-icon-list-text\">Voller Durchblick: Greifen Sie auf alle wichtigen Dokumente Ihrer Liegenschaft transparent und unkompliziert zu<\/span>\n\t\t\t\t\t\t\t\t\t<\/li>\n\t\t\t\t\t\t\t\t<li class=\"elementor-icon-list-item\">\n\t\t\t\t\t\t\t\t\t\t\t<span class=\"elementor-icon-list-icon\">\n\t\t\t\t\t\t\t<i aria-hidden=\"true\" class=\"fas fa-check\"><\/i>\t\t\t\t\t\t<\/span>\n\t\t\t\t\t\t\t\t\t\t<span class=\"elementor-icon-list-text\">Effizient und zeitnah: Verfolgen Sie den Status Ihrer Schadensmeldungen mit laufenden R\u00fcckmeldungen.<\/span>\n\t\t\t\t\t\t\t\t\t<\/li>\n\t\t\t\t\t\t\t\t<li class=\"elementor-icon-list-item\">\n\t\t\t\t\t\t\t\t\t\t\t<span class=\"elementor-icon-list-icon\">\n\t\t\t\t\t\t\t<i aria-hidden=\"true\" class=\"fas fa-check\"><\/i>\t\t\t\t\t\t<\/span>\n\t\t\t\t\t\t\t\t\t\t<span class=\"elementor-icon-list-text\">Wissenswert: Finden Sie Antworten auf h\u00e4ufig gestellte Fragen schnell und einfach.<\/span>\n\t\t\t\t\t\t\t\t\t<\/li>\n\t\t\t\t\t\t<\/ul>\n\t\t\t\t\t\t<\/div>\n\t\t\t\t<\/div>\n\t\t\t\t<div class=\"elementor-element elementor-element-55aa893 elementor-widget elementor-widget-heading\" data-id=\"55aa893\" data-element_type=\"widget\" data-e-type=\"widget\" data-widget_type=\"heading.default\">\n\t\t\t\t<div class=\"elementor-widget-container\">\n\t\t\t\t\t<h3 class=\"elementor-heading-title elementor-size-default\">Ihr Zugang:<\/h3>\t\t\t\t<\/div>\n\t\t\t\t<\/div>\n\t\t\t\t<div class=\"elementor-element elementor-element-8e43fe4 elementor-widget__width-inherit elementor-widget elementor-widget-text-editor\" data-id=\"8e43fe4\" data-element_type=\"widget\" data-e-type=\"widget\" data-widget_type=\"text-editor.default\">\n\t\t\t\t<div class=\"elementor-widget-container\">\n\t\t\t\t\t\t\t\t\t<ol><li>Sie erhalten von uns eine E-Mail mit einer pers\u00f6nlichen Einladung zum Beitritt.<\/li><li>Klicken Sie auf den Button \u201eAnmeldung best\u00e4tigen\u201c und w\u00e4hlen Sie Ihr pers\u00f6nliches Passwort.<\/li><li>Laden Sie die iDWELL App auf Ihr <a href=\"https:\/\/play.google.com\/store\/apps\/details?id=com.idwellmobile&amp;hl=de_AT\">Android<\/a>&#8211; oder\u00a0<a href=\"https:\/\/apps.apple.com\/at\/app\/idwell\/id1235066877\" target=\"_blank\" rel=\"noopener\">iOS<\/a>-Mobilger\u00e4t herunter oder verwenden Sie auf Ihrem Computer den Link: <a href=\"https:\/\/hv-bosse.idwell.com\">hv-bosse.idwell.com<\/a>\u00a0<\/li><li>Schon k\u00f6nnen Sie alle Vorteile unserer digitalen Dienstleistungen nutzen!<\/li><\/ol>\t\t\t\t\t\t\t\t<\/div>\n\t\t\t\t<\/div>\n\t\t\t\t<div class=\"elementor-element elementor-element-d065278 elementor-align-left elementor-widget__width-auto elementor-widget elementor-widget-button\" data-id=\"d065278\" data-element_type=\"widget\" data-e-type=\"widget\" data-widget_type=\"button.default\">\n\t\t\t\t<div class=\"elementor-widget-container\">\n\t\t\t\t\t\t\t\t\t<div class=\"elementor-button-wrapper\">\n\t\t\t\t\t<a class=\"elementor-button elementor-button-link elementor-size-sm\" href=\"https:\/\/play.google.com\/store\/apps\/details?id=com.idwellmobile&#038;hl=de_AT\">\n\t\t\t\t\t\t<span class=\"elementor-button-content-wrapper\">\n\t\t\t\t\t\t\t\t\t<span class=\"elementor-button-text\">Android Playstore<\/span>\n\t\t\t\t\t<\/span>\n\t\t\t\t\t<\/a>\n\t\t\t\t<\/div>\n\t\t\t\t\t\t\t\t<\/div>\n\t\t\t\t<\/div>\n\t\t\t\t<div class=\"elementor-element elementor-element-0e78f45 elementor-align-left elementor-widget__width-auto elementor-widget elementor-widget-button\" data-id=\"0e78f45\" data-element_type=\"widget\" data-e-type=\"widget\" data-widget_type=\"button.default\">\n\t\t\t\t<div class=\"elementor-widget-container\">\n\t\t\t\t\t\t\t\t\t<div class=\"elementor-button-wrapper\">\n\t\t\t\t\t<a class=\"elementor-button elementor-button-link elementor-size-sm\" href=\"https:\/\/apps.apple.com\/at\/app\/idwell\/id1235066877\">\n\t\t\t\t\t\t<span class=\"elementor-button-content-wrapper\">\n\t\t\t\t\t\t\t\t\t<span class=\"elementor-button-text\">iOS APP Store<\/span>\n\t\t\t\t\t<\/span>\n\t\t\t\t\t<\/a>\n\t\t\t\t<\/div>\n\t\t\t\t\t\t\t\t<\/div>\n\t\t\t\t<\/div>\n\t\t\t\t<div class=\"elementor-element elementor-element-44ce8df elementor-widget elementor-widget-spacer\" data-id=\"44ce8df\" data-element_type=\"widget\" data-e-type=\"widget\" data-widget_type=\"spacer.default\">\n\t\t\t\t<div class=\"elementor-widget-container\">\n\t\t\t\t\t\t\t<div class=\"elementor-spacer\">\n\t\t\t<div class=\"elementor-spacer-inner\"><\/div>\n\t\t<\/div>\n\t\t\t\t\t\t<\/div>\n\t\t\t\t<\/div>\n\t\t\t\t<div class=\"elementor-element elementor-element-39fbdc5 elementor-widget elementor-widget-text-editor\" data-id=\"39fbdc5\" data-element_type=\"widget\" data-e-type=\"widget\" data-widget_type=\"text-editor.default\">\n\t\t\t\t<div class=\"elementor-widget-container\">\n\t\t\t\t\t\t\t\t\t<p>Haben Sie keine Einladung per SMS oder E-Mail von uns erhalten? Dann kontaktieren Sie uns bitte, damit wir Ihr Nutzerprofil erstellen k\u00f6nnen.<\/p>\n<p>In Kooperation mit iDWELL www.idwell.de<\/p>\t\t\t\t\t\t\t\t<\/div>\n\t\t\t\t<\/div>\n\t\t\t\t\t<\/div>\n\t\t<\/div>\n\t\t\t\t<div class=\"elementor-column elementor-col-50 elementor-inner-column elementor-element elementor-element-025af10\" data-id=\"025af10\" data-element_type=\"column\" data-e-type=\"column\">\n\t\t\t<div class=\"elementor-widget-wrap\">\n\t\t\t\t\t\t\t<\/div>\n\t\t<\/div>\n\t\t\t\t\t<\/div>\n\t\t<\/section>\n\t\t\t\t\t<\/div>\n\t\t<\/div>\n\t\t\t\t\t<\/div>\n\t\t<\/section>\n\t\t\t\t<\/div>\n\t\t","protected":false},"excerpt":{"rendered":"<p>Unsere APP Unsere APP Bei Hausverwaltung Bosse legen wir gro\u00dfen Wert darauf, unseren Eigent\u00fcmern einen verl\u00e4sslichen und klaren Kundenservice zu bieten. Deshalb haben wir die Hausverwaltung Bosse App in Zusammenarbeit mit iDWELL entwickelt, die als digitale Plattform f\u00fcr all Ihre Fragen und Anliegen dient. Mit der iDWELL App k\u00f6nnen Sie jederzeit und bequem Schadensmeldungen und [&hellip;]<\/p>\n","protected":false},"author":1,"featured_media":0,"parent":0,"menu_order":0,"comment_status":"closed","ping_status":"closed","template":"","meta":{"footnotes":""},"class_list":["post-272","page","type-page","status-publish","hentry"],"_links":{"self":[{"href":"https:\/\/hv-bosse.de\/en\/wp-json\/wp\/v2\/pages\/272","targetHints":{"allow":["GET"]}}],"collection":[{"href":"https:\/\/hv-bosse.de\/en\/wp-json\/wp\/v2\/pages"}],"about":[{"href":"https:\/\/hv-bosse.de\/en\/wp-json\/wp\/v2\/types\/page"}],"author":[{"embeddable":true,"href":"https:\/\/hv-bosse.de\/en\/wp-json\/wp\/v2\/users\/1"}],"replies":[{"embeddable":true,"href":"https:\/\/hv-bosse.de\/en\/wp-json\/wp\/v2\/comments?post=272"}],"version-history":[{"count":7,"href":"https:\/\/hv-bosse.de\/en\/wp-json\/wp\/v2\/pages\/272\/revisions"}],"predecessor-version":[{"id":284,"href":"https:\/\/hv-bosse.de\/en\/wp-json\/wp\/v2\/pages\/272\/revisions\/284"}],"wp:attachment":[{"href":"https:\/\/hv-bosse.de\/en\/wp-json\/wp\/v2\/media?parent=272"}],"curies":[{"name":"wp","href":"https:\/\/api.w.org\/{rel}","templated":true}]}}