{"id":12,"date":"2022-10-07T16:04:50","date_gmt":"2022-10-07T14:04:50","guid":{"rendered":"https:\/\/hv-bosse.de\/?page_id=12"},"modified":"2023-03-03T14:08:39","modified_gmt":"2023-03-03T13:08:39","slug":"impressum","status":"publish","type":"page","link":"https:\/\/hv-bosse.de\/en\/impressum\/","title":{"rendered":"impress"},"content":{"rendered":"<style>.elementor-12 .elementor-element.elementor-element-20815ea:not(.elementor-motion-effects-element-type-background), .elementor-12 .elementor-element.elementor-element-20815ea > .elementor-motion-effects-container > .elementor-motion-effects-layer{background-image:url(\"https:\/\/hv-bosse.de\/wp-content\/uploads\/2023\/02\/investment-properties-money-and-home-ownership-model-toy-house-on-white-table-.jpg\");background-position:center center;background-size:cover;}.elementor-12 .elementor-element.elementor-element-20815ea > .elementor-background-overlay{background-color:#000000;opacity:0.5;transition:background 0.3s, border-radius 0.3s, opacity 0.3s;}.elementor-12 .elementor-element.elementor-element-20815ea{border-style:solid;border-width:100px 40px 20px 40px;border-color:#FFFFFF;transition:background 0.3s, border 0.3s, border-radius 0.3s, box-shadow 0.3s;}.elementor-12 .elementor-element.elementor-element-32d0bde > .elementor-element-populated{padding:150px 0px 150px 0px;}.elementor-12 .elementor-element.elementor-element-4a9872b{text-align:center;}.elementor-12 .elementor-element.elementor-element-4a9872b .elementor-heading-title{font-family:var( --e-global-typography-c57884e-font-family ), Sans-serif;font-size:var( --e-global-typography-c57884e-font-size );font-weight:var( --e-global-typography-c57884e-font-weight );line-height:var( --e-global-typography-c57884e-line-height );letter-spacing:var( --e-global-typography-c57884e-letter-spacing );word-spacing:var( --e-global-typography-c57884e-word-spacing );color:#FFFFFF;}.elementor-12 .elementor-element.elementor-element-4a9872b > .elementor-widget-container{margin:0px 40px 0px 0px;}.elementor-12 .elementor-element.elementor-element-418b502 > .elementor-container{max-width:1170px;}.elementor-12 .elementor-element.elementor-element-418b502{padding:0px 0px 80px 0px;}.elementor-bc-flex-widget .elementor-12 .elementor-element.elementor-element-1db3484.elementor-column .elementor-widget-wrap{align-items:center;}.elementor-12 .elementor-element.elementor-element-1db3484.elementor-column.elementor-element[data-element_type=\"column\"] > .elementor-widget-wrap.elementor-element-populated{align-content:center;align-items:center;}.elementor-12 .elementor-element.elementor-element-1db3484 > .elementor-element-populated{margin:0px 0px 0px 20px;--e-column-margin-right:0px;--e-column-margin-left:20px;}.elementor-12 .elementor-element.elementor-element-fdd8fd4 > .elementor-widget-container{margin:10px 0px 0px 0px;}.elementor-12 .elementor-element.elementor-element-fdd8fd4{width:100%;max-width:100%;}:root{--page-title-display:none;}@media(max-width:1024px) and (min-width:768px){.elementor-12 .elementor-element.elementor-element-1db3484{width:100%;}}@media(max-width:1024px){.elementor-12 .elementor-element.elementor-element-20815ea{border-width:200px 20px 0px 20px;}.elementor-12 .elementor-element.elementor-element-4a9872b .elementor-heading-title{font-size:var( --e-global-typography-c57884e-font-size );line-height:var( --e-global-typography-c57884e-line-height );letter-spacing:var( --e-global-typography-c57884e-letter-spacing );word-spacing:var( --e-global-typography-c57884e-word-spacing );}.elementor-12 .elementor-element.elementor-element-418b502{padding:60px 10px 80px 10px;}.elementor-12 .elementor-element.elementor-element-1db3484 > .elementor-element-populated{margin:50px 0px 0px 0px;--e-column-margin-right:0px;--e-column-margin-left:0px;}}@media(max-width:767px){.elementor-12 .elementor-element.elementor-element-20815ea{border-width:90px 20px 0px 20px;}.elementor-12 .elementor-element.elementor-element-4a9872b .elementor-heading-title{font-size:var( --e-global-typography-c57884e-font-size );line-height:var( --e-global-typography-c57884e-line-height );letter-spacing:var( --e-global-typography-c57884e-letter-spacing );word-spacing:var( --e-global-typography-c57884e-word-spacing );}.elementor-12 .elementor-element.elementor-element-4a9872b > .elementor-widget-container{margin:0px 0px 0px 0px;}}<\/style>\t\t<div data-elementor-type=\"wp-page\" data-elementor-id=\"12\" class=\"elementor elementor-12\" data-elementor-post-type=\"page\">\n\t\t\t\t\t\t<section class=\"elementor-section elementor-top-section elementor-element elementor-element-20815ea elementor-section-full_width elementor-section-height-default elementor-section-height-default\" data-id=\"20815ea\" data-element_type=\"section\" data-e-type=\"section\" data-settings=\"{&quot;background_background&quot;:&quot;classic&quot;}\">\n\t\t\t\t\t\t\t<div class=\"elementor-background-overlay\"><\/div>\n\t\t\t\t\t\t\t<div class=\"elementor-container elementor-column-gap-default\">\n\t\t\t\t\t<div class=\"elementor-column elementor-col-100 elementor-top-column elementor-element elementor-element-32d0bde\" data-id=\"32d0bde\" data-element_type=\"column\" data-e-type=\"column\">\n\t\t\t<div class=\"elementor-widget-wrap elementor-element-populated\">\n\t\t\t\t\t\t<div class=\"elementor-element elementor-element-4a9872b animated-slow elementor-invisible elementor-widget elementor-widget-heading\" data-id=\"4a9872b\" data-element_type=\"widget\" data-e-type=\"widget\" data-settings=\"{&quot;_animation&quot;:&quot;fadeInRight&quot;}\" data-widget_type=\"heading.default\">\n\t\t\t\t<div class=\"elementor-widget-container\">\n\t\t\t\t\t<h1 class=\"elementor-heading-title elementor-size-default\">Impressum<\/h1>\t\t\t\t<\/div>\n\t\t\t\t<\/div>\n\t\t\t\t\t<\/div>\n\t\t<\/div>\n\t\t\t\t\t<\/div>\n\t\t<\/section>\n\t\t\t\t<section class=\"elementor-section elementor-top-section elementor-element elementor-element-418b502 elementor-section-boxed elementor-section-height-default elementor-section-height-default\" data-id=\"418b502\" data-element_type=\"section\" data-e-type=\"section\">\n\t\t\t\t\t\t<div class=\"elementor-container elementor-column-gap-default\">\n\t\t\t\t\t<div class=\"elementor-column elementor-col-100 elementor-top-column elementor-element elementor-element-1db3484\" data-id=\"1db3484\" data-element_type=\"column\" data-e-type=\"column\">\n\t\t\t<div class=\"elementor-widget-wrap elementor-element-populated\">\n\t\t\t\t\t\t<div class=\"elementor-element elementor-element-288087c elementor-widget elementor-widget-heading\" data-id=\"288087c\" data-element_type=\"widget\" data-e-type=\"widget\" data-widget_type=\"heading.default\">\n\t\t\t\t<div class=\"elementor-widget-container\">\n\t\t\t\t\t<h2 class=\"elementor-heading-title elementor-size-default\">Impressum \/ Haftungsausschluss\nImprint \/ Disclaimer<\/h2>\t\t\t\t<\/div>\n\t\t\t\t<\/div>\n\t\t\t\t<div class=\"elementor-element elementor-element-fdd8fd4 elementor-widget__width-inherit elementor-widget elementor-widget-text-editor\" data-id=\"fdd8fd4\" data-element_type=\"widget\" data-e-type=\"widget\" data-widget_type=\"text-editor.default\">\n\t\t\t\t<div class=\"elementor-widget-container\">\n\t\t\t\t\t\t\t\t\t<p><b>Andreas Bosse<br \/>Hausverwaltung<br \/><\/b>Beethovenstra\u00dfe 26<br \/>16548 Glienicke \/ Nordbahn<br \/>Tel. +49 (30) 206 73 546<br \/>Fax +49 (33) 056 96 623<br \/>Mail: info@hv-bosse.de<\/p><p>St.Nr. 013\/237\/00444<\/p><p><b>Haftung f\u00fcr Inhalte<\/b><br \/>Wir bem\u00fchen uns die Inhalte unserer Seite aktuell zu halten. Trotz sorgf\u00e4ltiger Bearbeitung bleibt eine Haftung ausgeschlossen.<br \/>Als Diensteanbieter sind wir gem\u00e4\u00df \u00a7 7 Abs.1 TMG f\u00fcr eigene Inhalte auf diesen Seiten nach den allgemeinen Gesetzen verantwortlich.<br \/>Nach \u00a7\u00a7 8 bis 10 TMG sind wir als Diensteanbieter jedoch nicht verpflichtet, \u00fcbermittelte oder gespeicherte fremde Informationen zu \u00fcberwachen. Bei bekannt werden von Rechtsverletzungen, werden wir diese Inhalte umgehend entfernen. Eine diesbez\u00fcgliche Haftung \u00fcbernehmen wir erst ab dem Zeitpunkt der Kenntnis einer m\u00f6glichen Rechtsverletzung.<\/p><p><b>Haftung f\u00fcr Links<\/b><br \/>Unser Angebot enth\u00e4lt Links zu externen Webseiten Dritter, auf deren Inhalte wir keinen Einfluss haben. F\u00fcr die Inhalte der verlinkten Seiten ist stets der jeweilige Anbieter oder Betreiber der Seiten verantwortlich. F\u00fcr die Inhalte und die Richtigkeit der Informationen verlinkter Websites fremder Informationsanbieter wird keine Gew\u00e4hr \u00fcbernommen.<br \/>Die verlinkten Seiten wurden zum Zeitpunkt der Verlinkung auf m\u00f6gliche Rechtsverst\u00f6\u00dfe OHNEBEANSTANDUNG \u00fcberpr\u00fcft. Bei bekannt werden von Rechtsverletzungen werden wir derartige Linksumgehend entfernen.<\/p><p><b>Urheberrecht<\/b><br \/>Die durch die Seitenbetreiber erstellten Inhalte und Werke auf diesen Seiten unterliegen dem deutschen Urheberrecht. Die Vervielf\u00e4ltigung, Bearbeitung, Verbreitung und jede Art der Verwertung au\u00dferhalb der Grenzen des Urheberrechtes bed\u00fcrfen der schriftlichen Zustimmung des jeweiligen Autors bzw. Erstellers.<\/p><p><b>Datenschutz<\/b><br \/>Wir weisen darauf hin, dass die Daten\u00fcbertragung im Internet (z.B. bei der Kommunikation per E-Mail)Sicherheitsl\u00fccken aufweisen kann. Ein l\u00fcckenloser Schutz der Daten vor dem Zugriff durch Dritte ist nicht m\u00f6glich. Eine Vertraulichkeit im Hinblick auf die Datenschutzbestimmungen wird nur unter der vorstehenden Einschr\u00e4nkung gew\u00e4hrleistet. Insbesondere sollen alle Mitteilungen von personenbezogenen Daten \u00fcber das Internet nur erfolgen, soweit nicht Rechte Dritter ber\u00fchrt werden. Es sei denn der Dritte hat in Kenntnis der vorstehenden Sicherheitsl\u00fccken ebenfalls seine Zustimmung erkl\u00e4rt. Eine Haftung des Seitenbetreibers wird\u00a0f\u00fcr die durch solche Sicherheitsl\u00fccken entstehenden Sch\u00e4den oder Unterlassungsanspr\u00fcche ausgeschlossen.<\/p><p>Der Nutzung von allen ver\u00f6ffentlichten Kontaktdaten durch Dritte zur \u00dcbersendung von nicht ausdr\u00fccklich angeforderter Werbung wird widersprochen. Die Betreiber der Seiten behalten sich ausdr\u00fccklich rechtliche Schritte im Falle der unverlangten Zusendung von Werbeinformationen, etwa durch Spam-Mails, vor.<\/p>\t\t\t\t\t\t\t\t<\/div>\n\t\t\t\t<\/div>\n\t\t\t\t\t<\/div>\n\t\t<\/div>\n\t\t\t\t\t<\/div>\n\t\t<\/section>\n\t\t\t\t<\/div>\n\t\t","protected":false},"excerpt":{"rendered":"<p>Impressum \/ Haftungsausschluss Imprint \/ Disclaimer Andreas BosseHausverwaltungBeethovenstra\u00dfe 2616548 Glienicke \/ NordbahnTel. +49 (30) 206 73 546Fax +49 (33) 056 96 623Mail: info@hv-bosse.de St.Nr. 013\/237\/00444 Haftung f\u00fcr InhalteWir bem\u00fchen uns die Inhalte unserer Seite aktuell zu halten. Trotz sorgf\u00e4ltiger Bearbeitung bleibt eine Haftung ausgeschlossen.Als Diensteanbieter sind wir gem\u00e4\u00df \u00a7 7 Abs.1 TMG f\u00fcr eigene Inhalte [&hellip;]<\/p>\n","protected":false},"author":1,"featured_media":0,"parent":0,"menu_order":0,"comment_status":"closed","ping_status":"closed","template":"","meta":{"footnotes":""},"class_list":["post-12","page","type-page","status-publish","hentry"],"_links":{"self":[{"href":"https:\/\/hv-bosse.de\/en\/wp-json\/wp\/v2\/pages\/12","targetHints":{"allow":["GET"]}}],"collection":[{"href":"https:\/\/hv-bosse.de\/en\/wp-json\/wp\/v2\/pages"}],"about":[{"href":"https:\/\/hv-bosse.de\/en\/wp-json\/wp\/v2\/types\/page"}],"author":[{"embeddable":true,"href":"https:\/\/hv-bosse.de\/en\/wp-json\/wp\/v2\/users\/1"}],"replies":[{"embeddable":true,"href":"https:\/\/hv-bosse.de\/en\/wp-json\/wp\/v2\/comments?post=12"}],"version-history":[{"count":10,"href":"https:\/\/hv-bosse.de\/en\/wp-json\/wp\/v2\/pages\/12\/revisions"}],"predecessor-version":[{"id":236,"href":"https:\/\/hv-bosse.de\/en\/wp-json\/wp\/v2\/pages\/12\/revisions\/236"}],"wp:attachment":[{"href":"https:\/\/hv-bosse.de\/en\/wp-json\/wp\/v2\/media?parent=12"}],"curies":[{"name":"wp","href":"https:\/\/api.w.org\/{rel}","templated":true}]}}